{"id":1477,"date":"2018-08-16T16:55:52","date_gmt":"2018-08-16T14:55:52","guid":{"rendered":"http:\/\/vfl-rheinhausen.de\/?page_id=1477"},"modified":"2025-02-09T20:32:07","modified_gmt":"2025-02-09T19:32:07","slug":"verein","status":"publish","type":"page","link":"https:\/\/vfl-rheinhausen.de\/index.php\/verein\/","title":{"rendered":"Verein"},"content":{"rendered":"<h2>VfL Rheinhausen \u2013 Tradition und Leidenschaft im Herzen des Sports<\/h2>\n<p>Willkommen beim VfL Rheinhausen, Ihrem Sportverein f\u00fcr die ganze Familie! Seit unserer Gr\u00fcndung im Jahr 1895 stehen wir f\u00fcr Gemeinschaft, sportlichen Ehrgeiz und die F\u00f6rderung von Talenten in Rheinhausen und Umgebung.<\/p>\n<p>Unser Verein bietet eine Vielzahl von Sportarten f\u00fcr alle Altersgruppen und Leistungsniveaus. Ob Fu\u00dfball, Handball, Leichtathletik oder Turnen \u2013 bei uns findet jeder seine sportliche Heimat. Unsere qualifizierten Trainer und Betreuer sorgen daf\u00fcr, dass sowohl Anf\u00e4nger als auch Fortgeschrittene optimal gef\u00f6rdert werden.<\/p>\n<p>Besonders stolz sind wir auf unsere Jugendarbeit. Mit einem breiten Angebot an Trainingsm\u00f6glichkeiten und Wettk\u00e4mpfen unterst\u00fctzen wir die sportliche und pers\u00f6nliche Entwicklung unserer jungen Mitglieder. Dabei legen wir gro\u00dfen Wert auf Fairness, Teamgeist und Respekt.<\/p>\n<p>Neben dem Sport kommt bei uns auch das Vereinsleben nicht zu kurz. Regelm\u00e4\u00dfige Veranstaltungen, Feste und Ausfl\u00fcge st\u00e4rken das Gemeinschaftsgef\u00fchl und bieten Gelegenheit, neue Freundschaften zu schlie\u00dfen.<\/p>\n<p>Werden Sie Teil unserer gro\u00dfen VfL-Familie und erleben Sie die Freude am Sport in einer freundlichen und unterst\u00fctzenden Umgebung.<\/p>\n<p>Wir freuen uns auf Sie!<\/p>\n","protected":false},"excerpt":{"rendered":"<p>VfL Rheinhausen \u2013 Tradition und Leidenschaft im Herzen des Sports Willkommen beim VfL Rheinhausen, Ihrem Sportverein f\u00fcr die ganze Familie! Seit unserer Gr\u00fcndung im Jahr 1895 stehen wir f\u00fcr Gemeinschaft, sportlichen Ehrgeiz und die F\u00f6rderung von Talenten in Rheinhausen und Umgebung. Unser Verein bietet eine Vielzahl von Sportarten f\u00fcr alle Altersgruppen und Leistungsniveaus. Ob Fu\u00dfball, [&hellip;]<\/p>\n","protected":false},"author":3,"featured_media":0,"parent":0,"menu_order":0,"comment_status":"closed","ping_status":"closed","template":"","meta":{"footnotes":""},"class_list":["post-1477","page","type-page","status-publish","hentry"],"_links":{"self":[{"href":"https:\/\/vfl-rheinhausen.de\/index.php\/wp-json\/wp\/v2\/pages\/1477","targetHints":{"allow":["GET"]}}],"collection":[{"href":"https:\/\/vfl-rheinhausen.de\/index.php\/wp-json\/wp\/v2\/pages"}],"about":[{"href":"https:\/\/vfl-rheinhausen.de\/index.php\/wp-json\/wp\/v2\/types\/page"}],"author":[{"embeddable":true,"href":"https:\/\/vfl-rheinhausen.de\/index.php\/wp-json\/wp\/v2\/users\/3"}],"replies":[{"embeddable":true,"href":"https:\/\/vfl-rheinhausen.de\/index.php\/wp-json\/wp\/v2\/comments?post=1477"}],"version-history":[{"count":7,"href":"https:\/\/vfl-rheinhausen.de\/index.php\/wp-json\/wp\/v2\/pages\/1477\/revisions"}],"predecessor-version":[{"id":4827,"href":"https:\/\/vfl-rheinhausen.de\/index.php\/wp-json\/wp\/v2\/pages\/1477\/revisions\/4827"}],"wp:attachment":[{"href":"https:\/\/vfl-rheinhausen.de\/index.php\/wp-json\/wp\/v2\/media?parent=1477"}],"curies":[{"name":"wp","href":"https:\/\/api.w.org\/{rel}","templated":true}]}}